{"id":88,"date":"2015-12-08T18:05:16","date_gmt":"2015-12-08T18:05:16","guid":{"rendered":"http:\/\/new.elena-apartments.gr\/?page_id=88"},"modified":"2018-02-15T11:33:10","modified_gmt":"2018-02-15T09:33:10","slug":"studioinfo","status":"publish","type":"page","link":"https:\/\/www.elena-apartments.gr\/de\/studioinfo\/","title":{"rendered":"Studio"},"content":{"rendered":"<p>Die Elena Apartments &amp; Studios liegen umgeben von einem sehr gepflegten Garten nur 5 Autominuten vom Strand\u00a0des Dorfes Vourvourou entfernt. Es erwarten Sie Unterk\u00fcnfte zur Selbstverpflegung, die Zugang zu einem m\u00f6blierten Balkon mit Blick auf die \u00c4g\u00e4is bieten. WLAN nutzen Sie in allen Bereichen kostenfrei.<\/p>\n<p>Alle klimatisierten Unterk\u00fcnfte sind mit Fliesenb\u00f6den ausgelegt und mit M\u00f6beln in warmen Farben ausgestattet.\u00a0Ein Sitzbereich mit einem TV ist ebenfalls vorhanden. Eine K\u00fcchenzeile mit einem K\u00fchlschrank, Herdplatten und einer Kaffeemaschine steht Ihnen auch zur Verf\u00fcgung.<\/p>\n<p>Ihre Kinder wird der Kinderspielplatz an der Unterkunft begeistern.<\/p>\n<p>Den Ferienort Sarti erreichen Sie nach 25 km und die Stadt\u00a0Thessaloniki liegt 110 km entfernt. Die Privatparkpl\u00e4tze an der Unterkunft nutzen Sie kostenfrei.<\/p>\n<p>&nbsp;<\/p>\n<style id=\"bwg-style-1\">  #bwg_container1_1 {\t\/*visibility: hidden;*\/  }  #bwg_container1_1 * {\t  -moz-user-select: none;\t  -khtml-user-select: none;\t  -webkit-user-select: none;\t  -ms-user-select: none;\t  user-select: none;  }  #bwg_container1_1 #bwg_container2_1 .bwg_slideshow_image_wrap_1 {\t  background-color: #000000;\t  width: 800px;\t  height: 500px;  }  #bwg_container1_1 #bwg_container2_1 .bwg_slideshow_image_1 {\t  max-width: 800px;\t  max-height: 500px;  }  #bwg_container1_1 #bwg_container2_1 .bwg_slideshow_embed_1 {\twidth: 800px;\theight: 500px;  }  #bwg_container1_1 #bwg_container2_1 #bwg_slideshow_play_pause_1 {\tbackground: transparent url(\"https:\/\/www.elena-apartments.gr\/wp-content\/plugins\/photo-gallery\/images\/blank.gif\") repeat scroll 0 0;  }  #bwg_container1_1 #bwg_container2_1 #bwg_slideshow_play_pause-ico_1 {\tcolor: #FFFFFF;\tfont-size: 60px;  }  #bwg_container1_1 #bwg_container2_1 #bwg_slideshow_play_pause-ico_1:hover {\tcolor: #CCCCCC;  }  #bwg_container1_1 #bwg_container2_1 #spider_slideshow_left_1,  #bwg_container1_1 #bwg_container2_1 #spider_slideshow_right_1 {\tbackground: transparent url(\"https:\/\/www.elena-apartments.gr\/wp-content\/plugins\/photo-gallery\/images\/blank.gif\") repeat scroll 0 0;  }  #bwg_container1_1 #bwg_container2_1 #spider_slideshow_left-ico_1,  #bwg_container1_1 #bwg_container2_1 #spider_slideshow_right-ico_1 {\t  background-color: #000000;\t  border-radius: 20px;\t  border: 0px none #FFFFFF;\t  box-shadow: 0px 0px 0px #000000;\t  color: #FFFFFF;\t  height: 40px;\t  font-size: 20px;\t  width: 40px;\t  opacity: 1.00;  }  #bwg_container1_1 #bwg_container2_1 #spider_slideshow_left-ico_1:hover,  #bwg_container1_1 #bwg_container2_1 #spider_slideshow_right-ico_1:hover {\t  color: #CCCCCC;  }      #spider_slideshow_left-ico_1{      left: -9999px;    }    #spider_slideshow_right-ico_1{      left: -9999px;    }      #bwg_container1_1 #bwg_container2_1 .bwg_slideshow_image_container_1 {\t  top: 0px;\t  width: 800px;\t  height: 500px;\t  }\t  #bwg_container1_1 #bwg_container2_1 .bwg_slideshow_filmstrip_container_1 {\t  display: table;\t  height: 0px;\t  width: 800px;\t  top: 0;  }  #bwg_container1_1 #bwg_container2_1 .bwg_slideshow_filmstrip_1 {\t  left: 20px;\t  width: 760px;\t  \/*z-index: 10106;*\/  }  #bwg_container1_1 #bwg_container2_1 .bwg_slideshow_filmstrip_thumbnails_1 {\t  height: 0px;\t  left: 0px;\t  width: 16px;  }  #bwg_container1_1 #bwg_container2_1 .bwg_slideshow_filmstrip_thumbnail_1 {\t  border: 1px solid #000000;\t  border-radius: 0;\t  height: 0px;\t  margin: 0 1px;\t  width: 0px;  }  #bwg_container1_1 #bwg_container2_1 .bwg_slideshow_thumb_active_1 {\t  border: 0px solid #FFFFFF;  }  #bwg_container1_1 #bwg_container2_1 .bwg_slideshow_thumb_deactive_1 {    opacity: 0.80;  }  #bwg_container1_1 #bwg_container2_1 .bwg_slideshow_filmstrip_left_1 {\t  background-color: #3B3B3B;\t  display: table-cell;\t  width: 20px;\t  left: 0;\t  \t    }  #bwg_container1_1 #bwg_container2_1 .bwg_slideshow_filmstrip_right_1 {\t  background-color: #3B3B3B;\t  right: 0;\t  width: 20px;\t  display: table-cell;\t  \t    }  #bwg_container1_1 #bwg_container2_1 .bwg_slideshow_filmstrip_left_1 i,  #bwg_container1_1 #bwg_container2_1 .bwg_slideshow_filmstrip_right_1 i {\t  color: #FFFFFF;\t  font-size: 20px;  }  #bwg_container1_1 #bwg_container2_1 .bwg_slideshow_watermark_spun_1 {\t  text-align: right;\t  vertical-align: bottom;  }  #bwg_container1_1 #bwg_container2_1 .bwg_slideshow_title_spun_1 {\t  text-align: right;\t  vertical-align: top;  }  #bwg_container1_1 #bwg_container2_1 .bwg_slideshow_description_spun_1 {\t  text-align: right;\t  vertical-align: bottom;  }  #bwg_container1_1 #bwg_container2_1 .bwg_slideshow_watermark_image_1 {\t  max-height: 90px;\t  max-width: 90px;\t  opacity: 0.30;  }  #bwg_container1_1 #bwg_container2_1 .bwg_slideshow_watermark_text_1,  #bwg_container1_1 #bwg_container2_1 .bwg_slideshow_watermark_text_1:hover {\t  text-decoration: none;\t  margin: 4px;\t  position: relative;\t  z-index: 15;  }  #bwg_container1_1 #bwg_container2_1 .bwg_slideshow_title_text_1 {\t  font-size: 16px;\t  font-family: segoe ui;\t  color: #FFFFFF !important;\t  opacity: 0.70;    border-radius: 5px;\t  background-color: #000000;\t  padding: 0 0 0 0;\t  \t\tmargin: 5px;\t  \t  top:16px;  }  #bwg_container1_1 #bwg_container2_1 .bwg_slideshow_description_text_1 {\t  font-size: 14px;\t  font-family: segoe ui;\t  color: #FFFFFF !important;\t  opacity: 0.70;    border-radius: 0;\t  background-color: #000000;\t  padding: 5px 10px 5px 10px;\t    }  #bwg_container1_1 #bwg_container2_1 .bwg_slideshow_description_text_1 * {\ttext-decoration: none;\tcolor: #FFFFFF !important;  }  #bwg_container1_1 #bwg_container2_1 .bwg_slideshow_dots_1 {\t  width: 12px;\t  height: 12px;\t  border-radius: 5px;\t  background: #F2D22E;\t  margin: 3px;  }  #bwg_container1_1 #bwg_container2_1 .bwg_slideshow_dots_container_1 {\t  width: 800px;\t  top: 0;  }  #bwg_container1_1 #bwg_container2_1 .bwg_slideshow_dots_thumbnails_1 {\t  height: 18px;\t  width: 144px;  }  #bwg_container1_1 #bwg_container2_1 .bwg_slideshow_dots_active_1 {\t  background: #FFFFFF;\t  border: 1px solid #000000;  }  <\/style>    <div id=\"bwg_container1_1\"         class=\"bwg_container bwg_thumbnail bwg_slideshow\"         data-right-click-protection=\"0\"         data-bwg=\"1\"         data-current-url=\"https:\/\/www.elena-apartments.gr\/de\/wp-json\/wp\/v2\/pages\/88\"         data-lightbox-url=\"https:\/\/www.elena-apartments.gr\/wp-admin\/admin-ajax.php?action=GalleryBox&current_view=1&gallery_id=4&tag=0&theme_id=1&shortcode_id=6&sort_by=order&order_by=asc&current_url=https%3A%2F%2Fwww.elena-apartments.gr%2Fde%2Fwp-json%2Fwp%2Fv2%2Fpages%2F88\"         data-gallery-id=\"4\"         data-popup-width=\"800\"         data-popup-height=\"500\"         data-buttons-position=\"bottom\">      <div id=\"bwg_container2_1\">             <div id=\"ajax_loading_1\" class=\"bwg_loading_div_1\">      <div class=\"bwg_loading_div_2\">        <div class=\"bwg_loading_div_3\">          <div id=\"loading_div_1\" class=\"bwg_spider_ajax_loading\">          <\/div>        <\/div>      <\/div>    <\/div>            <form id=\"gal_front_form_1\"              class=\"bwg-hidden\"              method=\"post\"              action=\"#\"              data-current=\"1\"              data-shortcode-id=\"6\"              data-gallery-type=\"slideshow\"              data-gallery-id=\"4\"              data-tag=\"0\"              data-album-id=\"0\"              data-theme-id=\"1\"              data-ajax-url=\"https:\/\/www.elena-apartments.gr\/wp-admin\/admin-ajax.php?action=bwg_frontend_data\">          <div id=\"bwg_container3_1\" class=\"bwg-background bwg-background-1\">              <div class=\"bwg_slideshow_image_wrap_1\">          <div class=\"bwg_slideshow_dots_container_1\">        <div class=\"bwg_slideshow_dots_thumbnails_1\">                      <span id=\"bwg_dots_0_1\" class=\"bwg_slideshow_dots_1 bwg_slideshow_dots_active_1\" onclick=\"bwg_change_image(parseInt(jQuery('#bwg_current_image_key_1').val()), '0', '', '', 1)\" image_id=\"259\" image_key=\"0\"><\/span>                        <span id=\"bwg_dots_1_1\" class=\"bwg_slideshow_dots_1 bwg_slideshow_dots_deactive_1\" onclick=\"bwg_change_image(parseInt(jQuery('#bwg_current_image_key_1').val()), '1', '', '', 1)\" image_id=\"213\" image_key=\"1\"><\/span>                        <span id=\"bwg_dots_2_1\" class=\"bwg_slideshow_dots_1 bwg_slideshow_dots_deactive_1\" onclick=\"bwg_change_image(parseInt(jQuery('#bwg_current_image_key_1').val()), '2', '', '', 1)\" image_id=\"212\" image_key=\"2\"><\/span>                        <span id=\"bwg_dots_3_1\" class=\"bwg_slideshow_dots_1 bwg_slideshow_dots_deactive_1\" onclick=\"bwg_change_image(parseInt(jQuery('#bwg_current_image_key_1').val()), '3', '', '', 1)\" image_id=\"211\" image_key=\"3\"><\/span>                        <span id=\"bwg_dots_4_1\" class=\"bwg_slideshow_dots_1 bwg_slideshow_dots_deactive_1\" onclick=\"bwg_change_image(parseInt(jQuery('#bwg_current_image_key_1').val()), '4', '', '', 1)\" image_id=\"210\" image_key=\"4\"><\/span>                        <span id=\"bwg_dots_5_1\" class=\"bwg_slideshow_dots_1 bwg_slideshow_dots_deactive_1\" onclick=\"bwg_change_image(parseInt(jQuery('#bwg_current_image_key_1').val()), '5', '', '', 1)\" image_id=\"209\" image_key=\"5\"><\/span>                        <span id=\"bwg_dots_6_1\" class=\"bwg_slideshow_dots_1 bwg_slideshow_dots_deactive_1\" onclick=\"bwg_change_image(parseInt(jQuery('#bwg_current_image_key_1').val()), '6', '', '', 1)\" image_id=\"208\" image_key=\"6\"><\/span>                        <span id=\"bwg_dots_7_1\" class=\"bwg_slideshow_dots_1 bwg_slideshow_dots_deactive_1\" onclick=\"bwg_change_image(parseInt(jQuery('#bwg_current_image_key_1').val()), '7', '', '', 1)\" image_id=\"207\" image_key=\"7\"><\/span>                    <\/div>      <\/div>          <div id=\"bwg_slideshow_image_container_1\" class=\"bwg_slideshow_image_container_1\" data-params='{\"bwg_source\":\"slider\",\"bwg_current_key\":\"\",\"bwg_transition_duration\":1000,\"bwg_trans_in_progress\":false,\"data\":[{\"id\":\"259\",\"alt\":\"118331508\",\"description\":\"\",\"filetype\":\"JPG\",\"filename\":\"118331508\",\"image_url\":\"\\\/118331508.jpg\",\"thumb_url\":\"\\\/thumb\\\/118331508.jpg\",\"redirect_url\":\"\",\"date\":\"18 January 2018, 07:47\",\"is_embed\":false,\"is_embed_video\":false},{\"id\":\"213\",\"alt\":\"IMG_1625\",\"description\":\"\",\"filetype\":\"JPG\",\"filename\":\"IMG_1625\",\"image_url\":\"\\\/studio\\\/IMG_1625.jpg\",\"thumb_url\":\"\\\/studio\\\/thumb\\\/IMG_1625.jpg\",\"redirect_url\":\"\",\"date\":\"10 December 2015, 17:48\",\"is_embed\":false,\"is_embed_video\":false},{\"id\":\"212\",\"alt\":\"IMG_1622\",\"description\":\"\",\"filetype\":\"JPG\",\"filename\":\"IMG_1622\",\"image_url\":\"\\\/studio\\\/IMG_1622.jpg\",\"thumb_url\":\"\\\/studio\\\/thumb\\\/IMG_1622.jpg\",\"redirect_url\":\"\",\"date\":\"10 December 2015, 17:49\",\"is_embed\":false,\"is_embed_video\":false},{\"id\":\"211\",\"alt\":\"IMG_1619\",\"description\":\"\",\"filetype\":\"JPG\",\"filename\":\"IMG_1619\",\"image_url\":\"\\\/studio\\\/IMG_1619.jpg\",\"thumb_url\":\"\\\/studio\\\/thumb\\\/IMG_1619.jpg\",\"redirect_url\":\"\",\"date\":\"10 December 2015, 17:49\",\"is_embed\":false,\"is_embed_video\":false},{\"id\":\"210\",\"alt\":\"IMG_1615\",\"description\":\"\",\"filetype\":\"JPG\",\"filename\":\"IMG_1615\",\"image_url\":\"\\\/studio\\\/IMG_1615.jpg\",\"thumb_url\":\"\\\/studio\\\/thumb\\\/IMG_1615.jpg\",\"redirect_url\":\"\",\"date\":\"10 December 2015, 17:48\",\"is_embed\":false,\"is_embed_video\":false},{\"id\":\"209\",\"alt\":\"IMG_1612\",\"description\":\"\",\"filetype\":\"JPG\",\"filename\":\"IMG_1612\",\"image_url\":\"\\\/studio\\\/IMG_1612.jpg\",\"thumb_url\":\"\\\/studio\\\/thumb\\\/IMG_1612.jpg\",\"redirect_url\":\"\",\"date\":\"10 December 2015, 17:49\",\"is_embed\":false,\"is_embed_video\":false},{\"id\":\"208\",\"alt\":\"IMG_1604\",\"description\":\"\",\"filetype\":\"JPG\",\"filename\":\"IMG_1604\",\"image_url\":\"\\\/studio\\\/IMG_1604.jpg\",\"thumb_url\":\"\\\/studio\\\/thumb\\\/IMG_1604.jpg\",\"redirect_url\":\"\",\"date\":\"10 December 2015, 17:49\",\"is_embed\":false,\"is_embed_video\":false},{\"id\":\"207\",\"alt\":\"IMG_1591\",\"description\":\"\",\"filetype\":\"JPG\",\"filename\":\"IMG_1591\",\"image_url\":\"\\\/studio\\\/IMG_1591.jpg\",\"thumb_url\":\"\\\/studio\\\/thumb\\\/IMG_1591.jpg\",\"redirect_url\":\"\",\"date\":\"10 December 2015, 17:49\",\"is_embed\":false,\"is_embed_video\":false}],\"width_or_height\":\"width\",\"filmstrip_thumb_margin_hor\":2,\"left_or_top\":\"left\",\"outerWidth_or_outerHeight\":\"outerWidth\",\"enable_slideshow_shuffle\":\"0\",\"lightbox_filmstrip_thumb_border_width\":\"1\",\"thumb_click_action\":\"open_lightbox\",\"thumb_link_target\":\"1\",\"upload_url\":\"https:\\\/\\\/www.elena-apartments.gr\\\/wp-content\\\/uploads\\\/photo-gallery\",\"preload_images\":\"0\",\"slideshow_effect\":\"fade\",\"enable_slideshow_filmstrip\":0,\"event_stack\":\"\",\"preload_images_count\":10,\"image_width\":\"800\",\"image_height\":\"500\",\"filmstrip_direction\":\"horizontal\",\"slideshow_filmstrip_width\":0,\"slideshow_filmstrip_height\":0,\"slideshow_play_pause_btn_size\":\"60\",\"watermark_type\":90,\"watermark_height\":90,\"watermark_font_size\":12,\"slideshow_title_font_size\":\"16\",\"slideshow_description_font_size\":\"14\",\"bwg_playInterval\":\"\",\"slideshow_interval\":5,\"image_right_click\":\"0\",\"enable_slideshow_autoplay\":\"0\",\"enable_slideshow_music\":\"0\",\"bwg_current_filmstrip_pos\":0}'>      <div class=\"bwg_slide_container_1\">        <div class=\"bwg_slide_bg_1\">          <div class=\"bwg_slider_1\">                            <span class=\"bwg_slideshow_image_spun_1\" id=\"image_id_1_259\">                    <span class=\"bwg_slideshow_image_spun1_1\">                      <span class=\"bwg_slideshow_image_spun2_1\">                                                  <a  class=\"bwg-a bwg_lightbox\" href=\"https:\/\/www.elena-apartments.gr\/wp-content\/uploads\/photo-gallery\/118331508.jpg\" data-image-id=\"259\">                          <img id=\"bwg_slideshow_image_1\"                               class=\"skip-lazy bwg_slide bwg_slideshow_image_1 \"                               src=\"https:\/\/www.elena-apartments.gr\/wp-content\/uploads\/photo-gallery\/118331508.jpg\"                               data-original=\"https:\/\/www.elena-apartments.gr\/wp-content\/uploads\/photo-gallery\/118331508.jpg\"                               image_id=\"259\"                               alt=\"118331508\" \/>                          <\/a>                                                <\/span>                    <\/span>                  <\/span>                <span class=\"bwg_slideshow_image_second_spun_1\">                  <\/span>                <input type=\"hidden\" id=\"bwg_current_image_key_1\" value=\"0\" \/>                          <\/div>        <\/div>      <\/div>              <a class=\"bwg-a\" id=\"spider_slideshow_left_1\" onclick=\"bwg_change_image(parseInt(jQuery('#bwg_current_image_key_1').val()), (parseInt(jQuery('#bwg_current_image_key_1').val()) + 8 - bwg_iterator(1)) % 8, '', '', 1); return false;\"><span id=\"spider_slideshow_left-ico_1\"><span><i class=\"bwg-icon-chevron-left bwg_slideshow_prev_btn_1\"><\/i><\/span><\/span><\/a>        <span id=\"bwg_slideshow_play_pause_1\" class=\"bwg_slideshow_play_pause\" style=\"display: undefined;\"><span><span id=\"bwg_slideshow_play_pause-ico_1\"><i class=\"bwg-icon-play bwg_ctrl_btn_1 bwg_slideshow_play_pause_1\"><\/i><\/span><\/span><\/span>        <a class=\"bwg-a\" id=\"spider_slideshow_right_1\" onclick=\"bwg_change_image(parseInt(jQuery('#bwg_current_image_key_1').val()), (parseInt(jQuery('#bwg_current_image_key_1').val()) + bwg_iterator(1)) % 8, '', '', 1); return false;\"><span id=\"spider_slideshow_right-ico_1\"><span><i class=\"bwg-icon-chevron-right bwg_slideshow_next_btn_1\"><\/i><\/span><\/span><\/a>            <\/div>      <\/div>            <\/div>        <\/form>          <style>          #bwg_container1_1 #bwg_container2_1 #spider_popup_overlay_1 {          background-color: #000000;          opacity: 0.70;          }          <\/style>        <div id=\"bwg_spider_popup_loading_1\" class=\"bwg_spider_popup_loading\"><\/div>        <div id=\"spider_popup_overlay_1\" class=\"spider_popup_overlay\" onclick=\"spider_destroypopup(1000)\"><\/div>        <input type=\"hidden\" id=\"bwg_random_seed_1\" value=\"1400280769\">                <\/div>    <\/div>    <script>      jQuery(document).ready(function () {        bwg_main_ready();      });    <\/script>    \n<p>&nbsp;<\/p>","protected":false},"excerpt":{"rendered":"<p>Die Elena Apartments &amp; Studios liegen umgeben von einem sehr gepflegten Garten nur 5 Autominuten vom Strand\u00a0des Dorfes Vourvourou entfernt. Es erwarten Sie Unterk\u00fcnfte zur Selbstverpflegung, die Zugang zu einem m\u00f6blierten Balkon mit Blick auf die \u00c4g\u00e4is bieten. WLAN nutzen Sie in allen Bereichen kostenfrei. Alle klimatisierten Unterk\u00fcnfte sind mit Fliesenb\u00f6den ausgelegt und mit M\u00f6beln in warmen Farben ausgestattet.\u00a0Ein Sitzbereich mit einem TV ist ebenfalls vorhanden. Eine K\u00fcchenzeile mit einem K\u00fchlschrank, Herdplatten und einer Kaffeemaschine steht Ihnen auch zur Verf\u00fcgung. Ihre Kinder wird der Kinderspielplatz an der Unterkunft begeistern. Den Ferienort Sarti erreichen Sie nach 25 km und die Stadt\u00a0Thessaloniki liegt 110 km entfernt. Die Privatparkpl\u00e4tze an der Unterkunft nutzen [&hellip;]<\/p>\n","protected":false},"author":1,"featured_media":0,"parent":0,"menu_order":0,"comment_status":"closed","ping_status":"closed","template":"","meta":[],"_links":{"self":[{"href":"https:\/\/www.elena-apartments.gr\/de\/wp-json\/wp\/v2\/pages\/88"}],"collection":[{"href":"https:\/\/www.elena-apartments.gr\/de\/wp-json\/wp\/v2\/pages"}],"about":[{"href":"https:\/\/www.elena-apartments.gr\/de\/wp-json\/wp\/v2\/types\/page"}],"author":[{"embeddable":true,"href":"https:\/\/www.elena-apartments.gr\/de\/wp-json\/wp\/v2\/users\/1"}],"replies":[{"embeddable":true,"href":"https:\/\/www.elena-apartments.gr\/de\/wp-json\/wp\/v2\/comments?post=88"}],"version-history":[{"count":4,"href":"https:\/\/www.elena-apartments.gr\/de\/wp-json\/wp\/v2\/pages\/88\/revisions"}],"predecessor-version":[{"id":268,"href":"https:\/\/www.elena-apartments.gr\/de\/wp-json\/wp\/v2\/pages\/88\/revisions\/268"}],"wp:attachment":[{"href":"https:\/\/www.elena-apartments.gr\/de\/wp-json\/wp\/v2\/media?parent=88"}],"curies":[{"name":"wp","href":"https:\/\/api.w.org\/{rel}","templated":true}]}}