{"id":46,"date":"2015-12-03T19:14:55","date_gmt":"2015-12-03T19:14:55","guid":{"rendered":"http:\/\/new.elena-apartments.gr\/?page_id=46"},"modified":"2016-04-04T17:41:21","modified_gmt":"2016-04-04T17:41:21","slug":"services","status":"publish","type":"page","link":"https:\/\/www.elena-apartments.gr\/ro\/services\/","title":{"rendered":"(English) Services"},"content":{"rendered":"<p class=\"qtranxs-available-languages-message qtranxs-available-languages-message-ro\">Din p\u0103cate acest articol este disponibil doar \u00een <a href=\"https:\/\/www.elena-apartments.gr\/en\/wp-json\/wp\/v2\/pages\/46\" class=\"qtranxs-available-language-link qtranxs-available-language-link-en\" title=\"English\">Englez\u0103 American\u0103<\/a>, <a href=\"https:\/\/www.elena-apartments.gr\/de\/wp-json\/wp\/v2\/pages\/46\" class=\"qtranxs-available-language-link qtranxs-available-language-link-de\" title=\"Deutsch\">German\u0103<\/a>, <a href=\"https:\/\/www.elena-apartments.gr\/el\/wp-json\/wp\/v2\/pages\/46\" class=\"qtranxs-available-language-link qtranxs-available-language-link-el\" title=\"\u0395\u039b\u039b\u0397\u039d\u0399\u039a\u0391\">Greac\u0103<\/a>, <a href=\"https:\/\/www.elena-apartments.gr\/bg\/wp-json\/wp\/v2\/pages\/46\" class=\"qtranxs-available-language-link qtranxs-available-language-link-bg\" title=\"Bulgarian\">Bulgar\u0103<\/a> \u0219i <a href=\"https:\/\/www.elena-apartments.gr\/rs\/wp-json\/wp\/v2\/pages\/46\" class=\"qtranxs-available-language-link qtranxs-available-language-link-rs\" title=\"Serbian\">S\u00e2rb\u0103<\/a>.<\/p>","protected":false},"excerpt":{"rendered":"<p>Din p\u0103cate acest articol este disponibil doar \u00een Englez\u0103 American\u0103, German\u0103, Greac\u0103, Bulgar\u0103 \u0219i S\u00e2rb\u0103.<\/p>\n","protected":false},"author":1,"featured_media":0,"parent":0,"menu_order":0,"comment_status":"closed","ping_status":"closed","template":"","meta":[],"_links":{"self":[{"href":"https:\/\/www.elena-apartments.gr\/ro\/wp-json\/wp\/v2\/pages\/46"}],"collection":[{"href":"https:\/\/www.elena-apartments.gr\/ro\/wp-json\/wp\/v2\/pages"}],"about":[{"href":"https:\/\/www.elena-apartments.gr\/ro\/wp-json\/wp\/v2\/types\/page"}],"author":[{"embeddable":true,"href":"https:\/\/www.elena-apartments.gr\/ro\/wp-json\/wp\/v2\/users\/1"}],"replies":[{"embeddable":true,"href":"https:\/\/www.elena-apartments.gr\/ro\/wp-json\/wp\/v2\/comments?post=46"}],"version-history":[{"count":2,"href":"https:\/\/www.elena-apartments.gr\/ro\/wp-json\/wp\/v2\/pages\/46\/revisions"}],"predecessor-version":[{"id":198,"href":"https:\/\/www.elena-apartments.gr\/ro\/wp-json\/wp\/v2\/pages\/46\/revisions\/198"}],"wp:attachment":[{"href":"https:\/\/www.elena-apartments.gr\/ro\/wp-json\/wp\/v2\/media?parent=46"}],"curies":[{"name":"wp","href":"https:\/\/api.w.org\/{rel}","templated":true}]}}